{"id":475,"date":"2022-02-16T15:22:06","date_gmt":"2022-02-16T15:22:06","guid":{"rendered":"https:\/\/aedtrainingbox.com\/training\/"},"modified":"2022-02-21T15:02:16","modified_gmt":"2022-02-21T15:02:16","slug":"training","status":"publish","type":"page","link":"https:\/\/aedtrainingbox.com\/en\/training\/","title":{"rendered":"Training"},"content":{"rendered":"<p>[et_pb_section fb_built=&#8221;1&#8243; custom_padding_last_edited=&#8221;off|tablet&#8221; admin_label=&#8221;Header&#8221; _builder_version=&#8221;4.11.3&#8243; _module_preset=&#8221;default&#8221; background_enable_color=&#8221;off&#8221; use_background_color_gradient=&#8221;on&#8221; background_color_gradient_start=&#8221;#74c6da&#8221; background_color_gradient_end=&#8221;rgba(0,0,0,0)&#8221; background_color_gradient_direction=&#8221;90deg&#8221; background_color_gradient_overlays_image=&#8221;on&#8221; background_image=&#8221;https:\/\/aedtrainingbox.com\/wp-content\/uploads\/2022\/02\/WEB_AED_N7-1.jpg&#8221; custom_padding=&#8221;10vw||10vw||false|false&#8221; custom_padding_tablet=&#8221;||||false|false&#8221; global_colors_info=&#8221;{}&#8221;][et_pb_row _builder_version=&#8221;4.10.6&#8243; _module_preset=&#8221;default&#8221; global_colors_info=&#8221;{}&#8221;][et_pb_column type=&#8221;4_4&#8243; _builder_version=&#8221;4.10.6&#8243; _module_preset=&#8221;default&#8221; global_colors_info=&#8221;{}&#8221;][et_pb_divider show_divider=&#8221;off&#8221; _builder_version=&#8221;4.10.6&#8243; _module_preset=&#8221;default&#8221; background_image=&#8221;https:\/\/aedtrainingbox.com\/wp-content\/uploads\/2022\/02\/high-school_48.png&#8221; background_size=&#8221;initial&#8221; background_position=&#8221;top_left&#8221; background_repeat=&#8221;repeat-x&#8221; custom_margin=&#8221;|380px|10px|-30vw|false|false&#8221; global_colors_info=&#8221;{}&#8221;][\/et_pb_divider][et_pb_text _builder_version=&#8221;4.11.3&#8243; _module_preset=&#8221;e598b17a-9229-42f6-b238-019d6094332e&#8221; header_font=&#8221;Roboto|500|||||||&#8221; header_text_color=&#8221;#FFFFFF&#8221; header_font_size=&#8221;80px&#8221; header_line_height=&#8221;1.15em&#8221; max_width=&#8221;800px&#8221; header_font_size_tablet=&#8221;40px&#8221; header_font_size_phone=&#8221;24px&#8221; header_font_size_last_edited=&#8221;on|desktop&#8221; locked=&#8221;off&#8221; global_colors_info=&#8221;{}&#8221;]<\/p>\n<h1 class=\"\">Training<\/h1>\n<p><span style=\"color: #ffffff; font-size: x-large;\">Cardiopulmonary resuscitation and use of automated external defibrillator (AED) for first responders in cardiac arrest care.<\/span><\/p>\n<p>[\/et_pb_text][\/et_pb_column][\/et_pb_row][\/et_pb_section][et_pb_section fb_built=&#8221;1&#8243; _builder_version=&#8221;4.11.3&#8243; _module_preset=&#8221;default&#8221; global_colors_info=&#8221;{}&#8221;][et_pb_row _builder_version=&#8221;4.14.7&#8243; _module_preset=&#8221;default&#8221; global_colors_info=&#8221;{}&#8221;][et_pb_column type=&#8221;4_4&#8243; _builder_version=&#8221;4.14.7&#8243; _module_preset=&#8221;default&#8221; global_colors_info=&#8221;{}&#8221;][et_pb_text _builder_version=&#8221;4.14.7&#8243; _module_preset=&#8221;default&#8221; module_alignment=&#8221;center&#8221; global_colors_info=&#8221;{}&#8221;]<\/p>\n<h1><span style=\"color: #6b6b6b;\"><strong><span style=\"font-size: x-large;\">Cardiopulmonary resuscitation course and use of automated external defibrillator (AED) for first responders in cardiac arrest care<\/span><\/strong><\/span><\/h1>\n<p>[\/et_pb_text][et_pb_text _builder_version=&#8221;4.14.7&#8243; _module_preset=&#8221;default&#8221; module_alignment=&#8221;center&#8221; hover_enabled=&#8221;0&#8243; global_colors_info=&#8221;{}&#8221; sticky_enabled=&#8221;0&#8243;]<\/p>\n<p>In the next course we will learn how to act in a cardiopulmonary resuscitation situation and we will learn how to use an automated external defibrillator (AED). It is very important to follow the order of the course modules in order to correctly assist the people involved in an emergency.<\/p>\n<p>[\/et_pb_text][et_pb_accordion open_toggle_text_color=&#8221;#6b6b6b&#8221; open_toggle_background_color=&#8221;#FFFFFF&#8221; closed_toggle_background_color=&#8221;#74c6da&#8221; toggle_icon=&#8221;&#x33;||divi||400&#8243; icon_color=&#8221;#FFFFFF&#8221; _builder_version=&#8221;4.14.7&#8243; _module_preset=&#8221;default&#8221; toggle_text_color=&#8221;#FFFFFF&#8221; module_alignment=&#8221;center&#8221; global_colors_info=&#8221;{}&#8221;][et_pb_accordion_item title=&#8221;PRESENTATION OF THE COURSE&#8221; toggle_icon=&#8221;&#x43;||divi||400&#8243; _builder_version=&#8221;4.14.7&#8243; _module_preset=&#8221;default&#8221; global_colors_info=&#8221;{}&#8221; open=&#8221;on&#8221;]<\/p>\n<p><iframe loading=\"lazy\" title=\"00 Presentacio\u0301n\" width=\"1080\" height=\"608\" src=\"https:\/\/www.youtube.com\/embed\/T5qG3OJJk38?feature=oembed\"  allow=\"accelerometer; autoplay; clipboard-write; encrypted-media; gyroscope; picture-in-picture\" allowfullscreen><\/iframe><\/p>\n<p>[\/et_pb_accordion_item][et_pb_accordion_item title=&#8221;MODULE 01 &#8211; Cardiac arrest&#8221; open=&#8221;off&#8221; toggle_icon=&#8221;&#x43;||divi||400&#8243; _builder_version=&#8221;4.14.7&#8243; _module_preset=&#8221;default&#8221; module_alignment=&#8221;center&#8221; global_colors_info=&#8221;{}&#8221;]<\/p>\n<p><iframe loading=\"lazy\" title=\"01 La parada cardiaca y la cadena de supervivencia\" width=\"1080\" height=\"608\" src=\"https:\/\/www.youtube.com\/embed\/ipSSfEHo9jg?feature=oembed\"  allow=\"accelerometer; autoplay; clipboard-write; encrypted-media; gyroscope; picture-in-picture\" allowfullscreen><\/iframe><\/p>\n<p><iframe loading=\"lazy\" title=\"02 Abordaje en condiciones reales PC\" width=\"1080\" height=\"608\" src=\"https:\/\/www.youtube.com\/embed\/uHMGEpHa1J8?feature=oembed\"  allow=\"accelerometer; autoplay; clipboard-write; encrypted-media; gyroscope; picture-in-picture\" allowfullscreen><\/iframe><\/p>\n<p><iframe loading=\"lazy\" title=\"03 Repaso de seguimiento de pasos\" width=\"1080\" height=\"608\" src=\"https:\/\/www.youtube.com\/embed\/R_8YpXPOVEY?feature=oembed\"  allow=\"accelerometer; autoplay; clipboard-write; encrypted-media; gyroscope; picture-in-picture\" allowfullscreen><\/iframe><\/p>\n<p><iframe loading=\"lazy\" title=\"04 La posicio\u0301n lateral de seguridad\" width=\"1080\" height=\"608\" src=\"https:\/\/www.youtube.com\/embed\/b6ihB4sgUiw?feature=oembed\"  allow=\"accelerometer; autoplay; clipboard-write; encrypted-media; gyroscope; picture-in-picture\" allowfullscreen><\/iframe><\/p>\n<p><iframe loading=\"lazy\" title=\"05 La identificacion de parada cariaca\" width=\"1080\" height=\"608\" src=\"https:\/\/www.youtube.com\/embed\/5W3e1vSnh-o?feature=oembed\"  allow=\"accelerometer; autoplay; clipboard-write; encrypted-media; gyroscope; picture-in-picture\" allowfullscreen><\/iframe><\/p>\n<p><iframe loading=\"lazy\" title=\"06 Algunas dudas y como actuar ante la parada cardiaca\" width=\"1080\" height=\"608\" src=\"https:\/\/www.youtube.com\/embed\/k5KQfsqGrzA?feature=oembed\"  allow=\"accelerometer; autoplay; clipboard-write; encrypted-media; gyroscope; picture-in-picture\" allowfullscreen><\/iframe><\/p>\n<p>[\/et_pb_accordion_item][et_pb_accordion_item title=&#8221;MODULE 02 &#8211; Cardiopulmonary resuscitation&#8221; toggle_icon=&#8221;&#x43;||divi||400&#8243; _builder_version=&#8221;4.14.7&#8243; _module_preset=&#8221;default&#8221; global_colors_info=&#8221;{}&#8221; open=&#8221;off&#8221;]<\/p>\n<p><iframe loading=\"lazy\" title=\"07 La reanimacion cardiopulmonar RCP y como hacer un masaje cardiaco\" width=\"1080\" height=\"608\" src=\"https:\/\/www.youtube.com\/embed\/MOQX54UaPVo?feature=oembed\"  allow=\"accelerometer; autoplay; clipboard-write; encrypted-media; gyroscope; picture-in-picture\" allowfullscreen><\/iframe><\/p>\n<p><iframe loading=\"lazy\" title=\"08 Ayuda en masaje cardiaco\" width=\"1080\" height=\"608\" src=\"https:\/\/www.youtube.com\/embed\/BV_wAOgbucs?feature=oembed\"  allow=\"accelerometer; autoplay; clipboard-write; encrypted-media; gyroscope; picture-in-picture\" allowfullscreen><\/iframe><\/p>\n<p><iframe loading=\"lazy\" title=\"09 Habilidad para el masaje cardiaco\" width=\"1080\" height=\"608\" src=\"https:\/\/www.youtube.com\/embed\/-J-WE77BWOA?feature=oembed\"  allow=\"accelerometer; autoplay; clipboard-write; encrypted-media; gyroscope; picture-in-picture\" allowfullscreen><\/iframe><\/p>\n<p><iframe loading=\"lazy\" title=\"10 La reanimacion cardiopulmonar en nin\u0303os\" width=\"1080\" height=\"608\" src=\"https:\/\/www.youtube.com\/embed\/dacJlQn8OvY?feature=oembed\"  allow=\"accelerometer; autoplay; clipboard-write; encrypted-media; gyroscope; picture-in-picture\" allowfullscreen><\/iframe><\/p>\n<p><iframe loading=\"lazy\" title=\"11 Hasta cuando hacer una RCP\" width=\"1080\" height=\"608\" src=\"https:\/\/www.youtube.com\/embed\/YQ8xnY80GHI?feature=oembed\"  allow=\"accelerometer; autoplay; clipboard-write; encrypted-media; gyroscope; picture-in-picture\" allowfullscreen><\/iframe><\/p>\n<p>[\/et_pb_accordion_item][et_pb_accordion_item title=&#8221;MODULE 03 &#8211; Use of the defibrillator and arrival of personnel&#8221; toggle_icon=&#8221;&#x43;||divi||400&#8243; _builder_version=&#8221;4.14.7&#8243; _module_preset=&#8221;default&#8221; global_colors_info=&#8221;{}&#8221; open=&#8221;off&#8221;]<\/p>\n<p><iframe loading=\"lazy\" title=\"12 Presentacion del modulo 03\" width=\"1080\" height=\"608\" src=\"https:\/\/www.youtube.com\/embed\/D4yUriy8SB8?feature=oembed\"  allow=\"accelerometer; autoplay; clipboard-write; encrypted-media; gyroscope; picture-in-picture\" allowfullscreen><\/iframe><\/p>\n<p><iframe loading=\"lazy\" title=\"13 La RCP y colocacion del desfibrilador automatico\" width=\"1080\" height=\"608\" src=\"https:\/\/www.youtube.com\/embed\/vuThIu7Q5Fo?feature=oembed\"  allow=\"accelerometer; autoplay; clipboard-write; encrypted-media; gyroscope; picture-in-picture\" allowfullscreen><\/iframe><\/p>\n<p><iframe loading=\"lazy\" title=\"14 Ejemplo de desfibrilaci\u00f3n\" width=\"1080\" height=\"608\" src=\"https:\/\/www.youtube.com\/embed\/d7eS4uGX4ag?feature=oembed\"  allow=\"accelerometer; autoplay; clipboard-write; encrypted-media; gyroscope; picture-in-picture\" allowfullscreen><\/iframe><\/p>\n<p><iframe loading=\"lazy\" title=\"15 El desfibrilador y la RCP\" width=\"1080\" height=\"608\" src=\"https:\/\/www.youtube.com\/embed\/CPfnHLgLmEo?feature=oembed\"  allow=\"accelerometer; autoplay; clipboard-write; encrypted-media; gyroscope; picture-in-picture\" allowfullscreen><\/iframe><\/p>\n<p><iframe loading=\"lazy\" title=\"16 La llegada del personal sanitario\" width=\"1080\" height=\"608\" src=\"https:\/\/www.youtube.com\/embed\/wjquqlQ9WHE?feature=oembed\"  allow=\"accelerometer; autoplay; clipboard-write; encrypted-media; gyroscope; picture-in-picture\" allowfullscreen><\/iframe><\/p>\n<p>[\/et_pb_accordion_item][et_pb_accordion_item title=&#8221;MODULE 04 &#8211; Airway Obstruction&#8221; toggle_icon=&#8221;&#x43;||divi||400&#8243; _builder_version=&#8221;4.14.7&#8243; _module_preset=&#8221;default&#8221; global_colors_info=&#8221;{}&#8221; open=&#8221;off&#8221;]<\/p>\n<p><iframe loading=\"lazy\" title=\"17 La obstrucci\u00f3n de la v\u00eda a\u00e9rea\" width=\"1080\" height=\"608\" src=\"https:\/\/www.youtube.com\/embed\/_XIgyW4b8JA?feature=oembed\"  allow=\"accelerometer; autoplay; clipboard-write; encrypted-media; gyroscope; picture-in-picture\" allowfullscreen><\/iframe><\/p>\n<p><iframe loading=\"lazy\" title=\"18 El atragantamiento OVA Identificaci\u00f3n y actuaci\u00f3n\" width=\"1080\" height=\"608\" src=\"https:\/\/www.youtube.com\/embed\/L4wyswyYhos?feature=oembed\"  allow=\"accelerometer; autoplay; clipboard-write; encrypted-media; gyroscope; picture-in-picture\" allowfullscreen><\/iframe><\/p>\n<p><iframe loading=\"lazy\" title=\"19 La obstrucci\u00f3n de la v\u00eda a\u00e9rea cuando se esta solo\/a\" width=\"1080\" height=\"608\" src=\"https:\/\/www.youtube.com\/embed\/b_ubj9ExQZY?feature=oembed\"  allow=\"accelerometer; autoplay; clipboard-write; encrypted-media; gyroscope; picture-in-picture\" allowfullscreen><\/iframe><\/p>\n<p><iframe loading=\"lazy\" title=\"20 La obstrucci\u00f3n de la v\u00eda a\u00e9rea en lactantes\" width=\"1080\" height=\"608\" src=\"https:\/\/www.youtube.com\/embed\/HJejCtumgCs?feature=oembed\"  allow=\"accelerometer; autoplay; clipboard-write; encrypted-media; gyroscope; picture-in-picture\" allowfullscreen><\/iframe><\/p>\n<p>[\/et_pb_accordion_item][et_pb_accordion_item title=&#8221;COURSE SUMMARY&#8221; toggle_icon=&#8221;&#x43;||divi||400&#8243; _builder_version=&#8221;4.14.7&#8243; _module_preset=&#8221;default&#8221; global_colors_info=&#8221;{}&#8221; open=&#8221;off&#8221;]<\/p>\n<p><iframe loading=\"lazy\" title=\"21 Resumen del curso\" width=\"1080\" height=\"608\" src=\"https:\/\/www.youtube.com\/embed\/PN4LXJB2qSk?feature=oembed\"  allow=\"accelerometer; autoplay; clipboard-write; encrypted-media; gyroscope; picture-in-picture\" allowfullscreen><\/iframe><\/p>\n<p>[\/et_pb_accordion_item][\/et_pb_accordion][\/et_pb_column][\/et_pb_row][et_pb_row _builder_version=&#8221;4.14.7&#8243; _module_preset=&#8221;default&#8221; global_colors_info=&#8221;{}&#8221;][et_pb_column type=&#8221;4_4&#8243; _builder_version=&#8221;4.14.7&#8243; _module_preset=&#8221;default&#8221; global_colors_info=&#8221;{}&#8221;][et_pb_toggle title=&#8221;FIRED&#8221; open_toggle_text_color=&#8221;#6b6b6b&#8221; closed_toggle_background_color=&#8221;#74c6da&#8221; icon_color=&#8221;#FFFFFF&#8221; toggle_icon=&#8221;&#x43;||divi||400&#8243; open_toggle_icon=&#8221;&#x42;||divi||400&#8243; _builder_version=&#8221;4.14.7&#8243; _module_preset=&#8221;default&#8221; title_text_color=&#8221;#FFFFFF&#8221; global_colors_info=&#8221;{}&#8221;]<\/p>\n<p><iframe loading=\"lazy\" title=\"22 Despedida\" width=\"1080\" height=\"608\" src=\"https:\/\/www.youtube.com\/embed\/keL_IgJg-0Y?feature=oembed\"  allow=\"accelerometer; autoplay; clipboard-write; encrypted-media; gyroscope; picture-in-picture\" allowfullscreen><\/iframe><\/p>\n<p>[\/et_pb_toggle][\/et_pb_column][\/et_pb_row][\/et_pb_section][et_pb_section fb_built=&#8221;1&#8243; admin_label=&#8221;Feature&#8221; module_id=&#8221;Share&#8221; module_class=&#8221;Share&#8221; _builder_version=&#8221;4.11.3&#8243; _module_preset=&#8221;default&#8221; background_color=&#8221;#74c6da&#8221; background_image=&#8221;https:\/\/aedtrainingbox.com\/wp-content\/uploads\/2022\/02\/high-school_22.png&#8221; background_size=&#8221;initial&#8221; background_position=&#8221;top_left&#8221; background_repeat=&#8221;repeat-x&#8221; custom_padding=&#8221;60px||60px||true|false&#8221; global_colors_info=&#8221;{}&#8221;][et_pb_row _builder_version=&#8221;4.11.3&#8243; _module_preset=&#8221;default&#8221; global_colors_info=&#8221;{}&#8221;][et_pb_column type=&#8221;4_4&#8243; _builder_version=&#8221;4.11.3&#8243; _module_preset=&#8221;default&#8221; global_colors_info=&#8221;{}&#8221;][et_pb_text _builder_version=&#8221;4.11.3&#8243; _module_preset=&#8221;003e9429-8e11-4d9e-968b-8881092bbf81&#8243; header_2_font=&#8221;Roboto|500|||||||&#8221; header_2_text_color=&#8221;#000000&#8243; header_2_font_size=&#8221;40px&#8221; header_2_line_height=&#8221;1.2em&#8221; custom_margin=&#8221;-4px||0px||false|false&#8221; header_2_font_size_tablet=&#8221;30px&#8221; header_2_font_size_phone=&#8221;20px&#8221; header_2_font_size_last_edited=&#8221;on|desktop&#8221; locked=&#8221;off&#8221; global_colors_info=&#8221;{}&#8221;]<\/p>\n<div data-colibri-id=\"46-c21\" class=\"h-global-transition-all h-heading style-199 style-local-46-c21 position-relative h-element\">\n<div class=\"h-heading__outer style-199 style-local-46-c21\">\n<h3><span style=\"color: #ffffff;\">Share<\/span><\/h3>\n<\/div>\n<\/div>\n<div data-colibri-id=\"46-c22\" class=\"h-text h-text-component style-453 style-local-46-c22 position-relative h-element\">\n<div class=\"\"><\/div>\n<\/div>\n<p>[\/et_pb_text][et_pb_text _builder_version=&#8221;4.10.6&#8243; _module_preset=&#8221;003e9429-8e11-4d9e-968b-8881092bbf81&#8243; header_2_font=&#8221;Roboto|500|||||||&#8221; header_2_text_color=&#8221;#000000&#8243; header_2_font_size=&#8221;40px&#8221; header_2_line_height=&#8221;1.2em&#8221; custom_margin=&#8221;||0px||false|false&#8221; header_2_font_size_tablet=&#8221;30px&#8221; header_2_font_size_phone=&#8221;20px&#8221; header_2_font_size_last_edited=&#8221;on|desktop&#8221; locked=&#8221;off&#8221; global_colors_info=&#8221;{}&#8221;]<\/p>\n<div data-colibri-id=\"46-c21\" class=\"h-global-transition-all h-heading style-199 style-local-46-c21 position-relative h-element\">\n<div class=\"h-heading__outer style-199 style-local-46-c21\">\n<h2 class=\"\"><span style=\"color: #ffffff;\">Share<\/span><\/h2>\n<\/div>\n<\/div>\n<div data-colibri-id=\"46-c22\" class=\"h-text h-text-component style-453 style-local-46-c22 position-relative h-element\">\n<div class=\"\"><\/div>\n<\/div>\n<p>[\/et_pb_text][et_pb_text _builder_version=&#8221;4.11.3&#8243; _module_preset=&#8221;c2a3d585-c259-4e5a-8faa-710c0e634348&#8243; text_font=&#8221;Roboto|500|||||||&#8221; text_text_color=&#8221;#FFFFFF&#8221; text_font_size=&#8221;16px&#8221; text_line_height=&#8221;1.6em&#8221; header_5_text_color=&#8221;#FFFFFF&#8221; header_5_line_height=&#8221;1.8em&#8221; custom_padding=&#8221;1px|||||&#8221; text_font_size_tablet=&#8221;15px&#8221; text_font_size_phone=&#8221;14px&#8221; text_font_size_last_edited=&#8221;on|desktop&#8221; header_font_size_tablet=&#8221;55px&#8221; header_font_size_last_edited=&#8221;off|desktop&#8221; locked=&#8221;off&#8221; global_colors_info=&#8221;{}&#8221;]<\/p>\n<p>Share with us the experiences and suggestions.<\/p>\n<p>[\/et_pb_text][et_pb_contact_form captcha=&#8221;off&#8221; _builder_version=&#8221;4.14.7&#8243; _module_preset=&#8221;default&#8221; _unique_id=&#8221;1ee28373-6732-45c4-a056-5b1db5249020&#8243; custom_button=&#8221;on&#8221; button_text_color=&#8221;#474747&#8243; global_colors_info=&#8221;{}&#8221;][et_pb_contact_field field_id=&#8221;Name&#8221; field_title=&#8221;*Name&#8221; _builder_version=&#8221;4.14.7&#8243; global_colors_info=&#8221;{}&#8221; button_text_size__hover_enabled=&#8221;off&#8221; button_one_text_size__hover_enabled=&#8221;off&#8221; button_two_text_size__hover_enabled=&#8221;off&#8221; button_text_color__hover_enabled=&#8221;off&#8221; button_one_text_color__hover_enabled=&#8221;off&#8221; button_two_text_color__hover_enabled=&#8221;off&#8221; button_border_width__hover_enabled=&#8221;off&#8221; button_one_border_width__hover_enabled=&#8221;off&#8221; button_two_border_width__hover_enabled=&#8221;off&#8221; button_border_color__hover_enabled=&#8221;off&#8221; button_one_border_color__hover_enabled=&#8221;off&#8221; button_two_border_color__hover_enabled=&#8221;off&#8221; button_border_radius__hover_enabled=&#8221;off&#8221; button_one_border_radius__hover_enabled=&#8221;off&#8221; button_two_border_radius__hover_enabled=&#8221;off&#8221; button_letter_spacing__hover_enabled=&#8221;off&#8221; button_one_letter_spacing__hover_enabled=&#8221;off&#8221; button_two_letter_spacing__hover_enabled=&#8221;off&#8221; button_bg_color__hover_enabled=&#8221;off&#8221; button_one_bg_color__hover_enabled=&#8221;off&#8221; button_two_bg_color__hover_enabled=&#8221;off&#8221;][\/et_pb_contact_field][et_pb_contact_field field_id=&#8221;Email&#8221; field_title=&#8221;*Email adress&#8221; field_type=&#8221;email&#8221; _builder_version=&#8221;4.14.7&#8243; global_colors_info=&#8221;{}&#8221; button_text_size__hover_enabled=&#8221;off&#8221; button_one_text_size__hover_enabled=&#8221;off&#8221; button_two_text_size__hover_enabled=&#8221;off&#8221; button_text_color__hover_enabled=&#8221;off&#8221; button_one_text_color__hover_enabled=&#8221;off&#8221; button_two_text_color__hover_enabled=&#8221;off&#8221; button_border_width__hover_enabled=&#8221;off&#8221; button_one_border_width__hover_enabled=&#8221;off&#8221; button_two_border_width__hover_enabled=&#8221;off&#8221; button_border_color__hover_enabled=&#8221;off&#8221; button_one_border_color__hover_enabled=&#8221;off&#8221; button_two_border_color__hover_enabled=&#8221;off&#8221; button_border_radius__hover_enabled=&#8221;off&#8221; button_one_border_radius__hover_enabled=&#8221;off&#8221; button_two_border_radius__hover_enabled=&#8221;off&#8221; button_letter_spacing__hover_enabled=&#8221;off&#8221; button_one_letter_spacing__hover_enabled=&#8221;off&#8221; button_two_letter_spacing__hover_enabled=&#8221;off&#8221; button_bg_color__hover_enabled=&#8221;off&#8221; button_one_bg_color__hover_enabled=&#8221;off&#8221; button_two_bg_color__hover_enabled=&#8221;off&#8221;][\/et_pb_contact_field][et_pb_contact_field field_id=&#8221;Message&#8221; field_title=&#8221;*Message&#8221; field_type=&#8221;text&#8221; fullwidth_field=&#8221;on&#8221; _builder_version=&#8221;4.14.7&#8243; global_colors_info=&#8221;{}&#8221; button_text_size__hover_enabled=&#8221;off&#8221; button_one_text_size__hover_enabled=&#8221;off&#8221; button_two_text_size__hover_enabled=&#8221;off&#8221; button_text_color__hover_enabled=&#8221;off&#8221; button_one_text_color__hover_enabled=&#8221;off&#8221; button_two_text_color__hover_enabled=&#8221;off&#8221; button_border_width__hover_enabled=&#8221;off&#8221; button_one_border_width__hover_enabled=&#8221;off&#8221; button_two_border_width__hover_enabled=&#8221;off&#8221; button_border_color__hover_enabled=&#8221;off&#8221; button_one_border_color__hover_enabled=&#8221;off&#8221; button_two_border_color__hover_enabled=&#8221;off&#8221; button_border_radius__hover_enabled=&#8221;off&#8221; button_one_border_radius__hover_enabled=&#8221;off&#8221; button_two_border_radius__hover_enabled=&#8221;off&#8221; button_letter_spacing__hover_enabled=&#8221;off&#8221; button_one_letter_spacing__hover_enabled=&#8221;off&#8221; button_two_letter_spacing__hover_enabled=&#8221;off&#8221; button_bg_color__hover_enabled=&#8221;off&#8221; button_one_bg_color__hover_enabled=&#8221;off&#8221; button_two_bg_color__hover_enabled=&#8221;off&#8221;][\/et_pb_contact_field][et_pb_contact_field field_id=&#8221;Field_4&#8243; field_title=&#8221;* Required field&#8221; field_type=&#8221;checkbox&#8221; checkbox_options=&#8221;%91{%22value%22:%22I have read and accept the privacy policy%22,%22checked%22:0,%22dragID%22:-1}%93&#8243; fullwidth_field=&#8221;on&#8221; _builder_version=&#8221;4.11.3&#8243; _module_preset=&#8221;default&#8221; global_colors_info=&#8221;{}&#8221;][\/et_pb_contact_field][\/et_pb_contact_form][\/et_pb_column][\/et_pb_row][\/et_pb_section][et_pb_section fb_built=&#8221;1&#8243; admin_label=&#8221;Footer&#8221; _builder_version=&#8221;4.11.3&#8243; _module_preset=&#8221;default&#8221; background_color=&#8221;#323232&#8243; custom_margin=&#8221;||||false|false&#8221; global_module=&#8221;197&#8243; saved_tabs=&#8221;all&#8221; global_colors_info=&#8221;{}&#8221;][et_pb_row column_structure=&#8221;1_4,1_4,1_4,1_4&#8243; _builder_version=&#8221;4.10.6&#8243; _module_preset=&#8221;default&#8221; global_colors_info=&#8221;{}&#8221;][et_pb_column type=&#8221;1_4&#8243; _builder_version=&#8221;4.10.6&#8243; _module_preset=&#8221;default&#8221; global_colors_info=&#8221;{}&#8221;][et_pb_image src=&#8221;https:\/\/aedtrainingbox.com\/wp-content\/uploads\/2022\/02\/EPDA-Logo-small.png&#8221; title_text=&#8221;EPDA-Logo-small&#8221; _builder_version=&#8221;4.11.3&#8243; _module_preset=&#8221;default&#8221; global_colors_info=&#8221;{}&#8221;][\/et_pb_image][\/et_pb_column][et_pb_column type=&#8221;1_4&#8243; _builder_version=&#8221;4.10.6&#8243; _module_preset=&#8221;default&#8221; global_colors_info=&#8221;{}&#8221;][et_pb_text _builder_version=&#8221;4.14.7&#8243; _module_preset=&#8221;default&#8221; global_colors_info=&#8221;{}&#8221;]<span style=\"color: #ffffff;\">First award<br \/>\n<span style=\"color: #ffffff;\">CEIN MEDTECH 2019<\/span><\/span><br \/>\n<span style=\"color: #ffffff;\">EPDA 2020<\/span><br \/>\n<span style=\"color: #ffffff;\"> Designed with end users and the environment in mind, we want to create a long-lasting learning experience.<\/span>[\/et_pb_text][\/et_pb_column][et_pb_column type=&#8221;1_4&#8243; _builder_version=&#8221;4.10.6&#8243; _module_preset=&#8221;default&#8221; global_colors_info=&#8221;{}&#8221;][et_pb_image src=&#8221;https:\/\/aedtrainingbox.com\/wp-content\/uploads\/2022\/02\/es-419_badge_web_generic.png&#8221; url=&#8221;https:\/\/play.google.com\/store\/apps\/details?id=com.enmotion.aedtrainingbox&amp;hl=en&amp;gl=US&#8221; _builder_version=&#8221;4.11.3&#8243; _module_preset=&#8221;default&#8221; global_colors_info=&#8221;{}&#8221;][\/et_pb_image][\/et_pb_column][et_pb_column type=&#8221;1_4&#8243; _builder_version=&#8221;4.10.6&#8243; _module_preset=&#8221;default&#8221; global_colors_info=&#8221;{}&#8221;][et_pb_text _builder_version=&#8221;4.11.3&#8243; _module_preset=&#8221;default&#8221; custom_padding=&#8221;18px|||||&#8221; global_colors_info=&#8221;{}&#8221;]<\/p>\n<p><span style=\"color: #ffffff;\">Download the AED TRAINING BOX app on Google Play<\/span><\/p>\n<p>[\/et_pb_text][\/et_pb_column][\/et_pb_row][\/et_pb_section]<\/p>\n","protected":false},"excerpt":{"rendered":"<p>Training Cardiopulmonary resuscitation and use of automated external defibrillator (AED) for first responders in cardiac arrest care.Cardiopulmonary resuscitation course and use of automated external defibrillator (AED) for first responders in cardiac arrest careIn the next course we will learn how to act in a cardiopulmonary resuscitation situation and we will learn how to use an [&hellip;]<\/p>\n","protected":false},"author":2,"featured_media":0,"parent":0,"menu_order":0,"comment_status":"closed","ping_status":"closed","template":"","meta":{"_et_pb_use_builder":"on","_et_pb_old_content":"","_et_gb_content_width":"","footnotes":""},"class_list":["post-475","page","type-page","status-publish","hentry"],"_links":{"self":[{"href":"https:\/\/aedtrainingbox.com\/en\/wp-json\/wp\/v2\/pages\/475","targetHints":{"allow":["GET"]}}],"collection":[{"href":"https:\/\/aedtrainingbox.com\/en\/wp-json\/wp\/v2\/pages"}],"about":[{"href":"https:\/\/aedtrainingbox.com\/en\/wp-json\/wp\/v2\/types\/page"}],"author":[{"embeddable":true,"href":"https:\/\/aedtrainingbox.com\/en\/wp-json\/wp\/v2\/users\/2"}],"replies":[{"embeddable":true,"href":"https:\/\/aedtrainingbox.com\/en\/wp-json\/wp\/v2\/comments?post=475"}],"version-history":[{"count":2,"href":"https:\/\/aedtrainingbox.com\/en\/wp-json\/wp\/v2\/pages\/475\/revisions"}],"predecessor-version":[{"id":477,"href":"https:\/\/aedtrainingbox.com\/en\/wp-json\/wp\/v2\/pages\/475\/revisions\/477"}],"wp:attachment":[{"href":"https:\/\/aedtrainingbox.com\/en\/wp-json\/wp\/v2\/media?parent=475"}],"curies":[{"name":"wp","href":"https:\/\/api.w.org\/{rel}","templated":true}]}}